{"id":79,"date":"2020-08-20T15:30:23","date_gmt":"2020-08-20T13:30:23","guid":{"rendered":"https:\/\/lacubana.dk\/?page_id=79"},"modified":"2024-02-13T11:51:54","modified_gmt":"2024-02-13T09:51:54","slug":"tilrejsemuligheder","status":"publish","type":"page","link":"https:\/\/lacubana.dk\/index.php\/tilrejsemuligheder\/","title":{"rendered":"Fly"},"content":{"rendered":"\n<p>Flere og flere selskaber har \u00f8je for destinationen Malaga. Vi kender som familie s\u00e6rdeles godt, hvilke forbindelser, der haves i Malaga. Nedenfor er vist selskaber der gennemf\u00f8rer direkte flyvninger. Der er ogs\u00e5 ofte med et flyskift billige billetter ved at rejse over Storbritannien.<\/p>\n\n\n\n<p>N\u00e5r du lejer La Cubana, er det fordelagtigt at booke billet direkte ved det enkelte flyselskab. <\/p>\n\n\n\n<hr class=\"wp-block-separator has-css-opacity is-style-wide\"\/>\n\n\n\n<p><\/p>\n\n\n\n<div class=\"wp-block-columns is-layout-flex wp-container-core-columns-layout-1 wp-block-columns-is-layout-flex\">\n<div class=\"wp-block-column is-vertically-aligned-top is-layout-flow wp-block-column-is-layout-flow\">\n<h4 class=\"wp-block-heading has-text-align-center\">Aalborg<\/h4>\n\n\n\n<p class=\"has-text-align-center\"><a href=\"http:\/\/norwegian.dk\" data-type=\"URL\" data-id=\"norwegian.dk\">Norwegian<\/a><\/p>\n<\/div>\n\n\n\n<div class=\"wp-block-column is-vertically-aligned-top is-layout-flow wp-block-column-is-layout-flow\">\n<h4 class=\"wp-block-heading has-text-align-center\">Aarhus<\/h4>\n\n\n\n<p class=\"has-text-align-center\"><a href=\"http:\/\/Ryanair.dk\">Ryanair<\/a><\/p>\n\n\n\n<p class=\"has-text-align-center\"><a href=\"http:\/\/norwegian.dk\" data-type=\"URL\" data-id=\"norwegian.dk\">Norwegian<\/a><\/p>\n\n\n\n<p><\/p>\n<\/div>\n\n\n\n<div class=\"wp-block-column is-vertically-aligned-top is-layout-flow wp-block-column-is-layout-flow\">\n<h4 class=\"wp-block-heading has-text-align-center\">Billund<\/h4>\n\n\n\n<p class=\"has-text-align-center\"><a href=\"http:\/\/Ryanair.dk\">Ryanair<\/a><\/p>\n\n\n\n<p class=\"has-text-align-center\"><a href=\"http:\/\/Norwegian.dk\" data-type=\"URL\" data-id=\"Norwegian.dk\">Norwegian<\/a><\/p>\n\n\n\n<p class=\"has-text-align-center\"><a href=\"http:\/\/vueling.es\">Vueling<\/a><\/p>\n<\/div>\n\n\n\n<div class=\"wp-block-column is-vertically-aligned-top is-layout-flow wp-block-column-is-layout-flow\">\n<h4 class=\"wp-block-heading has-text-align-center\">K\u00f8benhavn<\/h4>\n\n\n\n<p class=\"has-text-align-center\"><a href=\"http:\/\/sas.dk\">SAS<\/a><\/p>\n\n\n\n<p class=\"has-text-align-center\"><a href=\"http:\/\/Norwegian.dk\" data-type=\"URL\" data-id=\"Norwegian.dk\">Norwegian<\/a><\/p>\n\n\n\n<p class=\"has-text-align-center\"><a href=\"http:\/\/Ryanair\">Ryanair<\/a><\/p>\n\n\n\n<p class=\"has-text-align-center\"><a href=\"http:\/\/vueling.es\">Vueling<\/a><\/p>\n\n\n\n<p class=\"has-text-align-center\"><a href=\"https:\/\/www.iberia.com\/\">Iberia<\/a><\/p>\n<\/div>\n<\/div>\n\n\n\n<p>Fra Aalborg haves desuden forbindelse via KLM over Amsterdam, med SAS og Norwegian over K\u00f8benhavn. <\/p>\n","protected":false},"excerpt":{"rendered":"<p>Flere og flere selskaber har \u00f8je for destinationen Malaga. Vi kender som familie s\u00e6rdeles godt, hvilke forbindelser, der haves i Malaga. Nedenfor er vist selskaber der gennemf\u00f8rer direkte flyvninger. Der er ogs\u00e5 ofte med et flyskift billige billetter ved at rejse over Storbritannien. N\u00e5r du lejer La Cubana, er det fordelagtigt at booke billet direkte [&hellip;]<\/p>\n","protected":false},"author":1,"featured_media":0,"parent":0,"menu_order":0,"comment_status":"closed","ping_status":"closed","template":"","meta":{"footnotes":""},"_links":{"self":[{"href":"https:\/\/lacubana.dk\/index.php\/wp-json\/wp\/v2\/pages\/79"}],"collection":[{"href":"https:\/\/lacubana.dk\/index.php\/wp-json\/wp\/v2\/pages"}],"about":[{"href":"https:\/\/lacubana.dk\/index.php\/wp-json\/wp\/v2\/types\/page"}],"author":[{"embeddable":true,"href":"https:\/\/lacubana.dk\/index.php\/wp-json\/wp\/v2\/users\/1"}],"replies":[{"embeddable":true,"href":"https:\/\/lacubana.dk\/index.php\/wp-json\/wp\/v2\/comments?post=79"}],"version-history":[{"count":29,"href":"https:\/\/lacubana.dk\/index.php\/wp-json\/wp\/v2\/pages\/79\/revisions"}],"predecessor-version":[{"id":431,"href":"https:\/\/lacubana.dk\/index.php\/wp-json\/wp\/v2\/pages\/79\/revisions\/431"}],"wp:attachment":[{"href":"https:\/\/lacubana.dk\/index.php\/wp-json\/wp\/v2\/media?parent=79"}],"curies":[{"name":"wp","href":"https:\/\/api.w.org\/{rel}","templated":true}]}}